{"id":100,"date":"2017-07-02T23:37:42","date_gmt":"2017-07-02T21:37:42","guid":{"rendered":"http:\/\/markus-perk.de\/?page_id=100"},"modified":"2021-12-17T15:57:53","modified_gmt":"2021-12-17T14:57:53","slug":"remote-viewing","status":"publish","type":"page","link":"http:\/\/markus-perk.de\/en\/remote-viewing\/","title":{"rendered":"Remote Viewing"},"content":{"rendered":"<p>Remote Viewing is a scientifically researched and proven method that allows you to work with your own subconscious mind. The advantage? By working with the subconscious mind you can reach nearly any information that is not accessible by conventional means (e.g. your own perception, books, internet, radio, etc.) and is not limited by location, space or time.<\/p>\n<p>So one can say that the subconscious is the constant connection to the &#8220;all-comprehensive information cloud&#8221; which can help us in our daily life. Therefore, Remote Viewing is excellent to provide very detailed answers to specific questions, and to reduce possible blurring during decision making processes.<\/p>\n<p><!--more--><\/p>\n<hr \/>\n<p>Always keep tracks of the latest research and development: international Remote Viewer meet up of some of the world-class Viewers and business-application specialised Remote Viewers (2017):<\/p>\n<p><img loading=\"lazy\" decoding=\"async\" class=\"aligncenter size-large wp-image-743\" src=\"http:\/\/markus-perk.de\/wp-content\/uploads\/2018\/01\/21458209_10155904978059903_251121225366234218_o-1024x599.jpg\" alt=\"\" width=\"525\" height=\"307\" srcset=\"http:\/\/markus-perk.de\/wp-content\/uploads\/2018\/01\/21458209_10155904978059903_251121225366234218_o-1024x599.jpg 1024w, http:\/\/markus-perk.de\/wp-content\/uploads\/2018\/01\/21458209_10155904978059903_251121225366234218_o-300x175.jpg 300w, http:\/\/markus-perk.de\/wp-content\/uploads\/2018\/01\/21458209_10155904978059903_251121225366234218_o-768x449.jpg 768w, http:\/\/markus-perk.de\/wp-content\/uploads\/2018\/01\/21458209_10155904978059903_251121225366234218_o.jpg 2000w\" sizes=\"auto, (max-width: 525px) 100vw, 525px\" \/><\/p>\n<hr \/>\n<h2>What is Remote Viewing?<\/h2>\n<p>Remote Viewing is a methodology that was scientifically researched in the 1970&#8217;s and 1980&#8217;s at Stanford Research Institute International (SRI International) on behalf of the US government and the US military. The aim of the research was to develop a method for &#8220;everyone&#8221; (i.e. every soldier) to use the latent PSI potential of the human being in order to obtain information which is not accessible by conventional means. It was discovered that one could query almost any information by means of the subconscious mind. This information is put to paper within the Remote Viewing protocol.<\/p>\n<blockquote><p>The acquisition and description, by mental means, of information blocked from ordinary perception by distance, shielding or time.<br \/>\n<cite>Definition of the Coordinate Remote Viewing, Defense Intelligence Agency, 1986<\/cite><\/p><\/blockquote>\n<p>Remote viewing is always an option when conservative methods are <strong>not sufficient<\/strong> or <strong>too costly<\/strong> to provide the information you need.<\/p>\n<p>So you can say: Remote viewing is the protocol for the human information internet!<\/p>\n<div id=\"attachment_342\" style=\"width: 535px\" class=\"wp-caption alignnone\"><a href=\"http:\/\/markus-perk.de\/wp-content\/uploads\/2017\/07\/Session-1_task_vergleich.jpg\"><img loading=\"lazy\" decoding=\"async\" aria-describedby=\"caption-attachment-342\" class=\"wp-image-342 size-large\" src=\"http:\/\/markus-perk.de\/wp-content\/uploads\/2017\/07\/Session-1_task_vergleich-1024x475.jpg\" alt=\"\" width=\"525\" height=\"244\" srcset=\"http:\/\/markus-perk.de\/wp-content\/uploads\/2017\/07\/Session-1_task_vergleich-1024x475.jpg 1024w, http:\/\/markus-perk.de\/wp-content\/uploads\/2017\/07\/Session-1_task_vergleich-300x139.jpg 300w, http:\/\/markus-perk.de\/wp-content\/uploads\/2017\/07\/Session-1_task_vergleich-768x356.jpg 768w, http:\/\/markus-perk.de\/wp-content\/uploads\/2017\/07\/Session-1_task_vergleich.jpg 1435w\" sizes=\"auto, (max-width: 525px) 100vw, 525px\" \/><\/a><p id=\"caption-attachment-342\" class=\"wp-caption-text\">Vergleich der Stufe 3 einer Remote Viewing Session (rechts) mit der Aufgabenstellung (links, mitte); Comparision of a Stage 3 sketch (right) with the tasking (left, middle)<\/p><\/div>\n<h2>How is this supposed to work?<\/h2>\n<p>Remote viewing utilizes the natural and necessary condition of the human brain that there is virtually a free, unfiltered information exchange with a <strong>universal information store<\/strong> on the level of the subconscious mind.<\/p>\n<p>The existence of such an information storage medium is mentioned by the well-known physicist <strong>Brian Green<\/strong> in the film series &#8220;Fabric of the Cosmos&#8221;. This information exchange is a <strong>physical necessity<\/strong> for stable life processes and is impressively demonstrated by the groundbreaking researches of physicist <strong>Burkhard Heim<\/strong>.<\/p>\n<p>Due to the filter function of our consciousness, we are usually not aware of this exchange, because our consciousness is driving us through everyday life and is thus &#8220;fully occupied&#8221;.<\/p>\n<p>However, in special or vital situations we suddenly have an &#8220;insight&#8221;, an idea, a feeling, an intuition where our subconscious mind wants to tell us something important. Then the information has such a high signal content that it could bypass the filter function of the consciousness.<\/p>\n<p>Remote Viewing allows you to steer this natural process into a controlled, comprehensible, and repeatable environment to access a wealth of information.<\/p>\n<blockquote><p>Question: Is Remote Viewing the end of all secrets?<br \/>\nAnswer: Well, it\u2019s true, in a sense. \u2026 Let\u2019s say: it eliminates secret..<br \/>\n<cite>J. McMoneagle in an Interview on the YouTube channel of the Remote Viewing Akademie<\/cite><\/p><\/blockquote>\n<p><a href=\"http:\/\/c-i-consulting.net\/\" target=\"_blank\" rel=\"noopener noreferrer\">In coorperation with my colleague Robert Riedzek, we offer Remote Viewing as excellent business tool:<\/a><\/p>\n<p><a href=\"http:\/\/c-i-consulting.net\/\"><img loading=\"lazy\" decoding=\"async\" class=\"aligncenter wp-image-671 size-medium\" src=\"http:\/\/markus-perk.de\/wp-content\/uploads\/2017\/09\/Web-Logo_web_nontrans-300x123.png\" alt=\"\" width=\"300\" height=\"123\" srcset=\"http:\/\/markus-perk.de\/wp-content\/uploads\/2017\/09\/Web-Logo_web_nontrans-300x123.png 300w, http:\/\/markus-perk.de\/wp-content\/uploads\/2017\/09\/Web-Logo_web_nontrans-768x316.png 768w, http:\/\/markus-perk.de\/wp-content\/uploads\/2017\/09\/Web-Logo_web_nontrans-1024x421.png 1024w\" sizes=\"auto, (max-width: 300px) 100vw, 300px\" \/><\/a><\/p>\n<p>For more questions and answers about remote viewing, check out the <a href=\"http:\/\/markus-perk.de\/en\/remote-viewing\/remote-viewing-faq\/\" rel=\"noopener\">FAQ section<\/a>.<\/p>\n","protected":false},"excerpt":{"rendered":"<p>Remote Viewing ist eine im wissenschaftlichen Umfeld erforschte Vorgehensweise, mit dessen Hilfe man kontrolliert mit dem eigenen Unterbewusstsein arbeiten kann. Der Vorteil? Man kann mittels des Unterbewusstseins an nahezu beliebige Informationen gelangen, die nicht auf herk\u00f6mmlichen Wege (z. B. eigene Wahrnehmung, B\u00fccher, Internet, Radio, etc.) zug\u00e4nglich &hellip; <\/p>\n<p><a href=\"http:\/\/markus-perk.de\/en\/remote-viewing\/\" class=\"more-link\"><span class=\"morelink-icon\">Read more<\/span><\/a><\/p>\n","protected":false},"author":1,"featured_media":593,"parent":0,"menu_order":30,"comment_status":"closed","ping_status":"closed","template":"","meta":{"_exactmetrics_skip_tracking":false,"_exactmetrics_sitenote_active":false,"_exactmetrics_sitenote_note":"","_exactmetrics_sitenote_category":0,"footnotes":""},"class_list":["post-100","page","type-page","status-publish","has-post-thumbnail","hentry"],"translation":{"provider":"WPGlobus","version":"3.0.0","language":"en","enabled_languages":["de","en"],"languages":{"de":{"title":true,"content":true,"excerpt":false},"en":{"title":false,"content":true,"excerpt":false}}},"_links":{"self":[{"href":"http:\/\/markus-perk.de\/en\/wp-json\/wp\/v2\/pages\/100","targetHints":{"allow":["GET"]}}],"collection":[{"href":"http:\/\/markus-perk.de\/en\/wp-json\/wp\/v2\/pages"}],"about":[{"href":"http:\/\/markus-perk.de\/en\/wp-json\/wp\/v2\/types\/page"}],"author":[{"embeddable":true,"href":"http:\/\/markus-perk.de\/en\/wp-json\/wp\/v2\/users\/1"}],"replies":[{"embeddable":true,"href":"http:\/\/markus-perk.de\/en\/wp-json\/wp\/v2\/comments?post=100"}],"version-history":[{"count":48,"href":"http:\/\/markus-perk.de\/en\/wp-json\/wp\/v2\/pages\/100\/revisions"}],"predecessor-version":[{"id":1222,"href":"http:\/\/markus-perk.de\/en\/wp-json\/wp\/v2\/pages\/100\/revisions\/1222"}],"wp:featuredmedia":[{"embeddable":true,"href":"http:\/\/markus-perk.de\/en\/wp-json\/wp\/v2\/media\/593"}],"wp:attachment":[{"href":"http:\/\/markus-perk.de\/en\/wp-json\/wp\/v2\/media?parent=100"}],"curies":[{"name":"wp","href":"https:\/\/api.w.org\/{rel}","templated":true}]}}